{"id":9,"date":"2020-08-12T16:11:25","date_gmt":"2020-08-12T16:11:25","guid":{"rendered":"https:\/\/parazoa.dk\/?page_id=9"},"modified":"2023-01-20T18:15:51","modified_gmt":"2023-01-20T18:15:51","slug":"parazoa","status":"publish","type":"page","link":"https:\/\/parazoa.dk\/","title":{"rendered":"Parazoa"},"content":{"rendered":"\n\n\t\t\t\t<img fetchpriority=\"high\" decoding=\"async\" src=\"https:\/\/parazoa.dk\/wp-content\/uploads\/2023\/01\/pexels-pixabay-270348.jpg\" alt=\"pexels-pixabay-270348\" itemprop=\"image\" height=\"344\" width=\"640\" title=\"pexels-pixabay-270348\" onerror=\"this.style.display='none'\"  \/>\n<h2>\n\t\tFrontend Developement\n\t<\/h2>\n\t<p>Vi bestr\u00e6ber os p\u00e5 at levere de bedste og mest intuitive l\u00f8sninger til din virksomhed.<\/p>\n<p>&nbsp;<\/p>\n\n","protected":false},"excerpt":{"rendered":"","protected":false},"author":1,"featured_media":0,"parent":0,"menu_order":0,"comment_status":"closed","ping_status":"closed","template":"","meta":{"inline_featured_image":false,"footnotes":""},"class_list":["post-9","page","type-page","status-publish"],"_links":{"self":[{"href":"https:\/\/parazoa.dk\/index.php?rest_route=\/wp\/v2\/pages\/9","targetHints":{"allow":["GET"]}}],"collection":[{"href":"https:\/\/parazoa.dk\/index.php?rest_route=\/wp\/v2\/pages"}],"about":[{"href":"https:\/\/parazoa.dk\/index.php?rest_route=\/wp\/v2\/types\/page"}],"author":[{"embeddable":true,"href":"https:\/\/parazoa.dk\/index.php?rest_route=\/wp\/v2\/users\/1"}],"replies":[{"embeddable":true,"href":"https:\/\/parazoa.dk\/index.php?rest_route=%2Fwp%2Fv2%2Fcomments&post=9"}],"version-history":[{"count":26,"href":"https:\/\/parazoa.dk\/index.php?rest_route=\/wp\/v2\/pages\/9\/revisions"}],"predecessor-version":[{"id":142,"href":"https:\/\/parazoa.dk\/index.php?rest_route=\/wp\/v2\/pages\/9\/revisions\/142"}],"wp:attachment":[{"href":"https:\/\/parazoa.dk\/index.php?rest_route=%2Fwp%2Fv2%2Fmedia&parent=9"}],"curies":[{"name":"wp","href":"https:\/\/api.w.org\/{rel}","templated":true}]}}